{"id":834,"date":"2025-11-05T17:10:49","date_gmt":"2025-11-05T17:10:49","guid":{"rendered":"https:\/\/skylights.tech\/aviso-de-privacidad\/"},"modified":"2026-02-12T23:10:07","modified_gmt":"2026-02-12T23:10:07","slug":"aviso-de-privacidad","status":"publish","type":"page","link":"https:\/\/skylights.tech\/en\/aviso-de-privacidad\/","title":{"rendered":"Aviso de privacidad"},"content":{"rendered":"\n<h2 class=\"wp-block-heading\"><strong>AVISO DE PRIVACIDAD A 23 DE FEBRERO DE 2022<\/strong><\/h2>\n\n\n\n<p>SKYLIGHTS, con domicilio en Bosques de Arrayan, MZ 5 LT1, Bosque Esmeralda, CP 52930, Atizap\u00e1n de Zaragoza, Estado de M\u00e9xico, M\u00e9xico es responsable de recabar sus datos personales, del uso que se le d\u00e9 a los mismos y de su protecci\u00f3n.<br><br>Su informaci\u00f3n personal ser\u00e1 utilizada para proveer los servicios y productos que ha solicitado, informarle sobre cambios en los mismos y evaluar la calidad del servicio que le brindamos. Para las finalidades antes mencionadas, requerimos obtener los siguientes datos personales: Nombre y denominaci\u00f3n social, domicilio, tel\u00e9fono, correo electr\u00f3nico y p\u00e1gina de internet, considerado como sensible seg\u00fan la Ley Federal de Protecci\u00f3n de Datos Personales en Posesi\u00f3n de los Particulares y su Reglamento.<br><br>Usted tiene derecho de acceder, rectificar y cancelar sus datos personales, as\u00ed como de oponerse al tratamiento de estos o revocar el consentimiento que para tal fin nos haya otorgado, a trav\u00e9s de los procedimientos que hemos implementado. Para conocer dichos procedimientos, los requisitos y plazos, se puede poner en contacto con nuestro departamento de datos personales en Bosques de Arrayan, MZ5 LT1, Bosque Esmeralda, CP 52930, Atizap\u00e1n de Zaragoza, Estado de M\u00e9xico, M\u00e9xico., Tel. (55) 9217- 3921 , con Israel Canino Hermosillo&nbsp;<a href=\"mailto:ich\" target=\"_blank\" rel=\"noreferrer noopener\">ich<\/a>@skylights.tech o visitar nuestra p\u00e1gina de Internet&nbsp;<a href=\"https:\/\/skylights.tech\/\" target=\"_blank\" rel=\"noreferrer noopener\">Skylights \u2013 Show de drones<\/a><br><br>Asimismo, le informamos que sus datos personales pueden ser transferidos y tratados dentro y fuera del pa\u00eds, por personas distintas a esta empresa. En ese sentido, su informaci\u00f3n puede ser compartida con clientes, proveedores y de manera interna en la empresa, para poder llevar a cabo el servicio y\/o la venta del producto contratado.&nbsp; Si usted no manifiesta su oposici\u00f3n para que sus datos personales sean transferidos, se entender\u00e1 que ha otorgado su consentimiento para ello.&nbsp;<a href=\"mailto:info@skylights.tech\" target=\"_blank\" rel=\"noreferrer noopener\">info@skylights.tech<\/a>&nbsp;\/&nbsp;<a href=\"https:\/\/www.linkedin.com\/in\/israel-canino-19492b155\" target=\"_blank\" rel=\"noreferrer noopener\">https:\/\/www.linkedin.com\/in\/israel-canino-19492b155<\/a> <\/p>\n\n\n\n<h2 class=\"wp-block-heading\"><strong>NO CONSIENTO QUE MIS DATOS PERSONALES SEAN TRANSFERIDOS EN LOS TERMINOS QUE SE\u00d1ALA EL PRESENTE AVISO DE PRIVACIDAD.<\/strong><\/h2>\n\n\n\n<p>Si usted desea dejar de recibir mensajes promocionales de nuestra parte puede solicitarlo a trav\u00e9s de Tel. (55)9010-3493, (55) 2344-7817, Bosques de Arrayan, MZ5 LT1, Bosque Esmeralda, CP 52930, Atizap\u00e1n de Zaragoza, Estado de M\u00e9xico, M\u00e9xico,&nbsp;<a href=\"mailto:info@skylights.tech\" target=\"_blank\" rel=\"noreferrer noopener\">info@skylights.tech<\/a><br><br>Cualquier modificaci\u00f3n a este aviso de privacidad podr\u00e1 consultarla en&nbsp;<a href=\"mailto:info@skylights.tech\" target=\"_blank\" rel=\"noreferrer noopener\">info@skylights.tech<\/a><\/p>\n","protected":false},"excerpt":{"rendered":"<p>AVISO DE PRIVACIDAD A 23 DE FEBRERO DE 2022 SKYLIGHTS, con domicilio en Bosques de Arrayan, MZ 5 LT1, Bosque Esmeralda, CP 52930, Atizap\u00e1n de Zaragoza, Estado de M\u00e9xico, M\u00e9xico es responsable de recabar sus datos personales, del uso que se le d\u00e9 a los mismos y de su protecci\u00f3n. Su informaci\u00f3n personal ser\u00e1 utilizada&hellip; <a class=\"more-link\" href=\"https:\/\/skylights.tech\/en\/aviso-de-privacidad\/\">Continue reading <span class=\"screen-reader-text\">Aviso de privacidad<\/span><\/a><\/p>\n","protected":false},"author":1,"featured_media":0,"parent":0,"menu_order":0,"comment_status":"closed","ping_status":"closed","template":"page-legals.php","meta":{"_acf_changed":false,"footnotes":""},"class_list":["post-834","page","type-page","status-publish","hentry","entry"],"acf":[],"_hostinger_reach_plugin_has_subscription_block":false,"_hostinger_reach_plugin_is_elementor":false,"_links":{"self":[{"href":"https:\/\/skylights.tech\/en\/wp-json\/wp\/v2\/pages\/834","targetHints":{"allow":["GET"]}}],"collection":[{"href":"https:\/\/skylights.tech\/en\/wp-json\/wp\/v2\/pages"}],"about":[{"href":"https:\/\/skylights.tech\/en\/wp-json\/wp\/v2\/types\/page"}],"author":[{"embeddable":true,"href":"https:\/\/skylights.tech\/en\/wp-json\/wp\/v2\/users\/1"}],"replies":[{"embeddable":true,"href":"https:\/\/skylights.tech\/en\/wp-json\/wp\/v2\/comments?post=834"}],"version-history":[{"count":2,"href":"https:\/\/skylights.tech\/en\/wp-json\/wp\/v2\/pages\/834\/revisions"}],"predecessor-version":[{"id":1426,"href":"https:\/\/skylights.tech\/en\/wp-json\/wp\/v2\/pages\/834\/revisions\/1426"}],"wp:attachment":[{"href":"https:\/\/skylights.tech\/en\/wp-json\/wp\/v2\/media?parent=834"}],"curies":[{"name":"wp","href":"https:\/\/api.w.org\/{rel}","templated":true}]}}